{"id":111,"date":"2022-01-14T10:13:05","date_gmt":"2022-01-14T10:13:05","guid":{"rendered":"http:\/\/as-alai.ro\/?page_id=111"},"modified":"2022-04-18T14:36:24","modified_gmt":"2022-04-18T12:36:24","slug":"cine-poate-deveni-membru","status":"publish","type":"page","link":"https:\/\/as-alai.ro\/?page_id=111","title":{"rendered":"Cine poate deveni membru"},"content":{"rendered":"\n<h1 class=\"has-text-align-center wp-block-heading\"><strong>CINE \u0218I CUM POATE DEVENI MEMBRU ASOCIAT<\/strong><br><strong>AL ASOCIA\u021aIEI ALAI ROM\u00c2NIA<\/strong><\/h1>\n\n\n\n<p class=\"indent\">Potrivit art. 11 lit. c) din Statutul ALAI ROM\u00c2NIA, membrii asocia\u021bi sunt persoanele fizice de cet\u0103\u0163enie rom\u00e2n\u0103, f\u0103r\u0103 nici un fel de discriminare de rang, sex,ras\u0103, limb\u0103 sau religie admise de lege \u0219i care desf\u0103\u0219oar\u0103 diverse activit\u0103\u021bi \u00een domeniul dreptului de autor \u0219i a drepturilor conexe sau persoane juridice legal constituite cu sediul \u00een Rom\u00e2nia, cum sunt: asocia\u021bii, funda\u021bii, societ\u0103\u021bi comerciale sau organisme care desf\u0103\u0219oar\u0103 activit\u0103\u021bi \u00een aceast\u0103 materie, \u0219i solicit\u0103 \u00een scris aceast\u0103 calitate. <\/p>\n\n\n\n<p class=\"indent\">Persoanele juridice care solicit\u0103 s\u0103 primeasc\u0103 calitatea de membru asociat al asocia\u021biei trebuie s\u0103 desemneze o persoan\u0103 fizic\u0103 care s\u0103-i reprezinte. <\/p>\n\n\n\n<p class=\"indent\">Pentru \u00eenscrierea \u00een asocia\u021bie ca membru asociat este necesar\u0103 o cerere scris\u0103 (ADEZIUNE) adresat\u0103 pre\u0219edintelui Consiliului Director, la adresa office@as-alai.ro, cu men\u021biunea lu\u0103rii la cuno\u015ftin\u0163\u0103 a statutului. Cererea va fi discutat\u0103 \u00een prima \u0219edin\u021b\u0103 a Consiliului Director care va aproba sau va respinge admiterea solicitantului ca membru asociat. <\/p>\n\n\n\n<p class=\"indent\">Persoana c\u0103reia i s-a aprobat cererea de admitere trebuie s\u0103 pl\u0103teasc\u0103 o tax\u0103 de \u00eenscriere de 200 de lei. <\/p>\n\n\n\n<p class=\"indent\">Membrii asocia\u021bi trebuie s\u0103 pl\u0103teasc\u0103 o cotiza\u021bie anual\u0103 de 100 de euro (\u00een echivalent lei, la data pl\u0103\u021bii) pentru persoane fizice \u0219i de 300 de euro (\u00een echivalent lei, la data pl\u0103\u021bii) pentru persoanele juridice rom\u00e2ne. <\/p>\n\n\n\n<p class=\"indent\">Plata cotiza\u021biei anuale se va face p\u00e2n\u0103 la data de 15 martie a anului \u00een curs, pentru a se putea bucura de celelalte drepturi prev\u0103zute de Statut pentru<br>membrii Asocia\u021biei.<\/p>\n\n\n\n<p class=\"indent\">\u00cen conformitate cu dispozi\u021biile art. 13 din Statutul ALAI ROM\u00c2NIA, calitatea de membru \u00eenceteaz\u0103:<\/p>\n\n\n\n<ul class=\"wp-block-list\"><li>la cererea scris\u0103 a membrului asocia\u021biei adresat\u0103 pre\u0219edintelui Consiliului Director, la adresa office@as-alai.ro. Cererea va fi prezentat\u0103 \u00een primul Consiliu Director care va lua act de aceast\u0103 demisie. Demisia intr\u0103 \u00een vigoare \u00een ziua \u00een care a fost notat\u0103 \u0219i solicitantul va fi informat \u00een scris;<\/li><\/ul>\n\n\n\n<ul class=\"wp-block-list\"><li>prin excludere pentru neplata cotiza\u021biei anuale timp de 2 ani consecutivi, dup\u0103 ce a fost notificat, \u00een scris, de dou\u0103 ori. Hot\u0103r\u00e2rea de excludere se ia cu majoritate simpl\u0103 de voturi de c\u0103tre Consiliul Director; <\/li><\/ul>\n\n\n\n<ul class=\"wp-block-list\"><li>prin excludere \u00een cazul \u00een care a fost condamnat definitiv la pedeapsa \u00eenchisorii cu privare de libertate. Hot\u0103r\u00e2rea de excludere se ia cu majoritate simpl\u0103 de voturi de c\u0103tre Consiliul Director. <\/li><\/ul>\n\n\n\n<p class=\"indent\">Orice membru exclus care exercit\u0103 \u0219i o func\u021bie \u00een cadrul organelor de conducere, administrare sau control a asocia\u021biei \u00ee\u0219i pierde acest statut de drept. <\/p>\n","protected":false},"excerpt":{"rendered":"<p>CINE \u0218I CUM POATE DEVENI MEMBRU ASOCIATAL ASOCIA\u021aIEI ALAI ROM\u00c2NIA Potrivit art. 11 lit. c) din Statutul ALAI ROM\u00c2NIA, membrii asocia\u021bi sunt persoanele fizice de cet\u0103\u0163enie rom\u00e2n\u0103, f\u0103r\u0103 nici un fel de discriminare de rang, sex,ras\u0103, limb\u0103 sau religie admise de lege \u0219i care desf\u0103\u0219oar\u0103 diverse activit\u0103\u021bi \u00een domeniul dreptului de autor \u0219i a drepturilor [&hellip;]<\/p>\n","protected":false},"author":1,"featured_media":0,"parent":0,"menu_order":0,"comment_status":"closed","ping_status":"closed","template":"","meta":{"footnotes":""},"class_list":["post-111","page","type-page","status-publish","hentry"],"acf":[],"_links":{"self":[{"href":"https:\/\/as-alai.ro\/index.php?rest_route=\/wp\/v2\/pages\/111","targetHints":{"allow":["GET"]}}],"collection":[{"href":"https:\/\/as-alai.ro\/index.php?rest_route=\/wp\/v2\/pages"}],"about":[{"href":"https:\/\/as-alai.ro\/index.php?rest_route=\/wp\/v2\/types\/page"}],"author":[{"embeddable":true,"href":"https:\/\/as-alai.ro\/index.php?rest_route=\/wp\/v2\/users\/1"}],"replies":[{"embeddable":true,"href":"https:\/\/as-alai.ro\/index.php?rest_route=%2Fwp%2Fv2%2Fcomments&post=111"}],"version-history":[{"count":25,"href":"https:\/\/as-alai.ro\/index.php?rest_route=\/wp\/v2\/pages\/111\/revisions"}],"predecessor-version":[{"id":1585,"href":"https:\/\/as-alai.ro\/index.php?rest_route=\/wp\/v2\/pages\/111\/revisions\/1585"}],"wp:attachment":[{"href":"https:\/\/as-alai.ro\/index.php?rest_route=%2Fwp%2Fv2%2Fmedia&parent=111"}],"curies":[{"name":"wp","href":"https:\/\/api.w.org\/{rel}","templated":true}]}}