{"id":114,"date":"2022-01-14T10:13:50","date_gmt":"2022-01-14T10:13:50","guid":{"rendered":"http:\/\/as-alai.ro\/?page_id=114"},"modified":"2022-03-30T14:48:19","modified_gmt":"2022-03-30T12:48:19","slug":"adeziune","status":"publish","type":"page","link":"https:\/\/as-alai.ro\/?page_id=114","title":{"rendered":"Adeziune"},"content":{"rendered":"\n<div class=\"wp-block-file\"><a href=\"https:\/\/as-alai.ro\/wp-content\/uploads\/2022\/03\/Adeziune-3.docx\" class=\"wp-block-file__button\" download aria-describedby=\"wp-block-file--media-40922766-1d64-4c5a-a208-5be6bde67b13\">Descarc\u0103<\/a><\/div>\n\n\n\n<p>Asocia\u021bia ALAI Rom\u00e2nia<br>Nr\u2026\u2026\u2026.. din\u2026\u2026\u2026\u2026\u2026\u2026\u2026\u2026.<\/p>\n\n\n\n<p><\/p>\n\n\n\n<p class=\"has-text-align-center\">ADEZIUNE<\/p>\n\n\n\n<p><\/p>\n\n\n\n<p>Subsemnatul\u2026\u2026\u2026\u2026\u2026\u2026\u2026\u2026\u2026\u2026\u2026\u2026\u2026\u2026\u2026\u2026\u2026\u2026\u2026\u2026\u2026\u2026\u2026\u2026, domiciliat (\u0103) \u00een\u2026\u2026\u2026\u2026\u2026\u2026\u2026\u2026\u2026\u2026\u2026\u2026\u2026\u2026\u2026\u2026\u2026\u2026\u2026\u2026\u2026.str\u2026\u2026\u2026\u2026\u2026\u2026\u2026.. \u2026\u2026\u2026\u2026\u2026\u2026\u2026\u2026\u2026\u2026\u2026\u2026nr\u2026\u2026\u2026., bloc\u2026\u2026\u2026.., scar\u0103\u2026\u2026\u2026.ap\u2026\u2026\u2026\u2026\u2026\u2026\u2026., Jude\u021bul\/sectorul\u2026\u2026\u2026\u2026\u2026\u2026\u2026\u2026\u2026\u2026\u2026\u2026\u2026\u2026\u2026\u2026., mobil\u2026\u2026\u2026\u2026\u2026\u2026\u2026\u2026\u2026\u2026, e-mail\u2026\u2026\u2026\u2026\u2026\u2026\u2026\u2026\u2026\u2026\u2026\u2026\u2026\u2026\u2026., profesie\u2026\u2026\u2026\u2026\u2026\u2026\u2026\u2026\u2026\u2026.., func\u021bion\u00e2nd la \u2026\u2026\u2026\u2026\u2026\u2026\u2026\u2026\u2026\u2026\u2026\u2026\u2026\u2026\u2026\u2026\u2026\u2026,<br>doresc s\u0103 devin membru al Asocia\u021biei ALAI Rom\u00e2nia, cunosc\u00e2nd \u0219i accept\u00e2nd Statutul asocia\u021biei. <br>Anexez CV-ul \u0219i Lista lucr\u0103rilor relevante.<\/p>\n\n\n\n<p>\u00cemi exprim consim\u021b\u0103m\u00e2ntul pentru colectarea, procesarea, utilizarea \u015fi prelucrarea datelor mele cu caracter personal, astfel cum acestea sunt mai sus men\u021bionate, de c\u0103tre Asocia\u021bia ALAI Rom\u00e2nia, \u00een scopul \u00eendeplinirii atribu\u021biilor statutare, pentru \u00eendeplinirea obiectului de activitate al Asocia\u021biei ALAI Rom\u00e2nia, pentru a fi contactat \u0219i pentru a mi se transmite inform\u0103ri privind activitatea Asocia\u021biei, inclusiv pentru \u00eendeplinirea unor scopuri legitime de c\u0103tre Asocia\u021bia ALAI Rom\u00e2nia, cu respectarea prevederilor legale.<\/p>\n\n\n\n<p class=\"has-text-align-left\">Data\u2026\u2026\u2026\u2026\u2026\u2026\u2026\u2026\u2026\u2026\u2026\u2026\u2026\u2026<\/p>\n\n\n\n<p class=\"has-text-align-right\">Semn\u0103tura<\/p>\n","protected":false},"excerpt":{"rendered":"<p>Asocia\u021bia ALAI Rom\u00e2niaNr\u2026\u2026\u2026.. din\u2026\u2026\u2026\u2026\u2026\u2026\u2026\u2026. ADEZIUNE Subsemnatul\u2026\u2026\u2026\u2026\u2026\u2026\u2026\u2026\u2026\u2026\u2026\u2026\u2026\u2026\u2026\u2026\u2026\u2026\u2026\u2026\u2026\u2026\u2026\u2026, domiciliat (\u0103) \u00een\u2026\u2026\u2026\u2026\u2026\u2026\u2026\u2026\u2026\u2026\u2026\u2026\u2026\u2026\u2026\u2026\u2026\u2026\u2026\u2026\u2026.str\u2026\u2026\u2026\u2026\u2026\u2026\u2026.. \u2026\u2026\u2026\u2026\u2026\u2026\u2026\u2026\u2026\u2026\u2026\u2026nr\u2026\u2026\u2026., bloc\u2026\u2026\u2026.., scar\u0103\u2026\u2026\u2026.ap\u2026\u2026\u2026\u2026\u2026\u2026\u2026., Jude\u021bul\/sectorul\u2026\u2026\u2026\u2026\u2026\u2026\u2026\u2026\u2026\u2026\u2026\u2026\u2026\u2026\u2026\u2026., mobil\u2026\u2026\u2026\u2026\u2026\u2026\u2026\u2026\u2026\u2026, e-mail\u2026\u2026\u2026\u2026\u2026\u2026\u2026\u2026\u2026\u2026\u2026\u2026\u2026\u2026\u2026., profesie\u2026\u2026\u2026\u2026\u2026\u2026\u2026\u2026\u2026\u2026.., func\u021bion\u00e2nd la \u2026\u2026\u2026\u2026\u2026\u2026\u2026\u2026\u2026\u2026\u2026\u2026\u2026\u2026\u2026\u2026\u2026\u2026,doresc s\u0103 devin membru al Asocia\u021biei ALAI Rom\u00e2nia, cunosc\u00e2nd \u0219i accept\u00e2nd Statutul asocia\u021biei. Anexez CV-ul \u0219i Lista lucr\u0103rilor relevante. \u00cemi exprim consim\u021b\u0103m\u00e2ntul pentru colectarea, procesarea, utilizarea \u015fi prelucrarea datelor mele cu caracter personal, astfel cum acestea sunt [&hellip;]<\/p>\n","protected":false},"author":1,"featured_media":0,"parent":0,"menu_order":0,"comment_status":"closed","ping_status":"closed","template":"","meta":{"footnotes":""},"class_list":["post-114","page","type-page","status-publish","hentry"],"acf":[],"_links":{"self":[{"href":"https:\/\/as-alai.ro\/index.php?rest_route=\/wp\/v2\/pages\/114","targetHints":{"allow":["GET"]}}],"collection":[{"href":"https:\/\/as-alai.ro\/index.php?rest_route=\/wp\/v2\/pages"}],"about":[{"href":"https:\/\/as-alai.ro\/index.php?rest_route=\/wp\/v2\/types\/page"}],"author":[{"embeddable":true,"href":"https:\/\/as-alai.ro\/index.php?rest_route=\/wp\/v2\/users\/1"}],"replies":[{"embeddable":true,"href":"https:\/\/as-alai.ro\/index.php?rest_route=%2Fwp%2Fv2%2Fcomments&post=114"}],"version-history":[{"count":17,"href":"https:\/\/as-alai.ro\/index.php?rest_route=\/wp\/v2\/pages\/114\/revisions"}],"predecessor-version":[{"id":1484,"href":"https:\/\/as-alai.ro\/index.php?rest_route=\/wp\/v2\/pages\/114\/revisions\/1484"}],"wp:attachment":[{"href":"https:\/\/as-alai.ro\/index.php?rest_route=%2Fwp%2Fv2%2Fmedia&parent=114"}],"curies":[{"name":"wp","href":"https:\/\/api.w.org\/{rel}","templated":true}]}}