{"id":1479,"date":"2022-03-30T14:45:28","date_gmt":"2022-03-30T12:45:28","guid":{"rendered":"https:\/\/as-alai.ro\/?page_id=1479"},"modified":"2022-03-30T14:45:28","modified_gmt":"2022-03-30T12:45:28","slug":"informare-gdpr","status":"publish","type":"page","link":"https:\/\/as-alai.ro\/?page_id=1479","title":{"rendered":"Informare GDPR"},"content":{"rendered":"\n<p class=\"has-text-align-center\"><strong>Stima\u021bi membri,<br>Stima\u021bi colaboratori,<\/strong><\/p>\n\n\n\n<p class=\"indent\">V\u0103 inform\u0103m c\u0103 \u00eencep\u00e2nd din data de 25 mai 2018, au devenit aplicabile \u00een mod direct, \u00een toate statele Uniunii Europene, prevederile Regulamentului (UE) 2016\/679 privind protec\u0163ia persoanelor fizice \u00een ceea ce prive\u015fte prelucrarea datelor cu caracter personal \u015fi privind libera circula\u0163ie a acestor date \u015fi de abrogare a Directivei 95\/46\/CE, adoptat de Parlamentul European \u015fi Consiliu \u00een data de 27 aprilie 2016.<\/p>\n\n\n\n<p class=\"indent\"><strong>Asocia\u021bia ALAI Rom\u00e2nia prelucreaz\u0103 datele dvs. personale (nume, prenume, adresa de domiciliu, telefon, adres\u0103 de e-mail \u0219i profesie) exclusiv \u00een scopul desf\u0103\u0219ur\u0103rii activit\u0103\u021bilor prev\u0103zute \u00een Statutul Asocia\u021biei privind calitatea dvs. de membri ai asocia\u021biei \u0219i\/sau \u00een structura organizatoric\u0103 a Asocia\u021biei \u0219i pentru \u00eendeplinirea unor scopuri legitime.<\/strong><\/p>\n\n\n\n<p class=\"indent\"><strong>Totodat\u0103, prelucrarea datelor cu caracter personal se realizeaz\u0103 \u00een temeiul prevederilor Statutului Asocia\u021biei ALAI Rom\u00e2nia \u0219i pentru \u00eendeplinirea obiectului de activitate al Asocia\u021biei.<\/strong><\/p>\n\n\n\n<p class=\"indent\"><strong>V\u0103 asigur\u0103m c\u0103 datele dvs. personale sunt protejate prin m\u0103suri specifice de securitate \u0219i c\u0103 acestea sub nicio form\u0103 nu sunt \u00eenstr\u0103inate sau oferite spre utilizare altor entit\u0103\u021bi (de exemplu companii de marketing, v\u00e2nz\u0103ri etc.), fiind utilizate numai \u00een scopurile mai sus men\u021bionate.<\/strong><\/p>\n\n\n\n<p class=\"indent\">\u00cen orice moment al calit\u0103\u021bii dvs. de membru al asocia\u021biei pute\u021bi interveni \u0219i pute\u021bi solicita:<strong> informarea \u0219i consultarea informa\u021biilor vizate; actualizarea informa\u021biilor vizate; \u0219tergerea informa\u021biilor vizate dup\u0103 termenul special de p\u0103strare prev\u0103zut pentru fiecare dintre acestea \u00een func\u021bie de documentul \u00een care acestea sunt men\u021bionate; \u0219i restric\u021bionarea \u0219i opunerea \u00een prelucrarea <strong>informa\u021biilor vizate.<\/strong><\/strong><\/p>\n\n\n\n<p class=\"indent\">\u00cen conformitate cu Regulamentul General pentru Protec\u021bia Datelor, Asocia\u021bia ALAI Rom\u00e2nia a \u00eencheiat un contract de prest\u0103ri servicii \u00een domeniul protec\u021biei datelor cu caracter personal pentru asigurarea serviciilor de responsabil date cu caracter personal cu S.C. COPYRIGHT CONTROL CONSULTING S.R.L., respectiv DPO extern.<\/p>\n\n\n\n<p class=\"indent\"><strong>Datele de contact ale DPO-ului sunt urm\u0103toarele:<\/strong><\/p>\n\n\n\n<ul class=\"wp-block-list\"><li><strong>Nume \u0219i prenume: Ana-Maria Marinescu<\/strong><\/li><li><strong>Mobil: 0723.241.399<\/strong><\/li><li><strong>E-mail: amm_marinescu@yahoo.com<\/strong><\/li><\/ul>\n\n\n\n<p class=\"indent\">Pentru orice \u00eentreb\u0103ri sau cereri referitoare la datele cu caracter personal, inclusiv \u00een vederea exercit\u0103rii drepturilor pe care le ave\u021bi, trebuie s\u0103 lua\u021bi leg\u0103tura cu responsabilul pentru protec\u021bia datelor cu caracter personal conform datelor de contact mai sus men\u021bionate.<\/p>\n\n\n\n<p class=\"has-text-align-center\"><strong>Conducerea Asocia\u021biei ALAI Rom\u00e2nia<\/strong><\/p>\n","protected":false},"excerpt":{"rendered":"<p>Stima\u021bi membri,Stima\u021bi colaboratori, V\u0103 inform\u0103m c\u0103 \u00eencep\u00e2nd din data de 25 mai 2018, au devenit aplicabile \u00een mod direct, \u00een toate statele Uniunii Europene, prevederile Regulamentului (UE) 2016\/679 privind protec\u0163ia persoanelor fizice \u00een ceea ce prive\u015fte prelucrarea datelor cu caracter personal \u015fi privind libera circula\u0163ie a acestor date \u015fi de abrogare a Directivei 95\/46\/CE, adoptat [&hellip;]<\/p>\n","protected":false},"author":2,"featured_media":0,"parent":0,"menu_order":0,"comment_status":"closed","ping_status":"closed","template":"","meta":{"footnotes":""},"class_list":["post-1479","page","type-page","status-publish","hentry"],"acf":[],"_links":{"self":[{"href":"https:\/\/as-alai.ro\/index.php?rest_route=\/wp\/v2\/pages\/1479","targetHints":{"allow":["GET"]}}],"collection":[{"href":"https:\/\/as-alai.ro\/index.php?rest_route=\/wp\/v2\/pages"}],"about":[{"href":"https:\/\/as-alai.ro\/index.php?rest_route=\/wp\/v2\/types\/page"}],"author":[{"embeddable":true,"href":"https:\/\/as-alai.ro\/index.php?rest_route=\/wp\/v2\/users\/2"}],"replies":[{"embeddable":true,"href":"https:\/\/as-alai.ro\/index.php?rest_route=%2Fwp%2Fv2%2Fcomments&post=1479"}],"version-history":[{"count":1,"href":"https:\/\/as-alai.ro\/index.php?rest_route=\/wp\/v2\/pages\/1479\/revisions"}],"predecessor-version":[{"id":1480,"href":"https:\/\/as-alai.ro\/index.php?rest_route=\/wp\/v2\/pages\/1479\/revisions\/1480"}],"wp:attachment":[{"href":"https:\/\/as-alai.ro\/index.php?rest_route=%2Fwp%2Fv2%2Fmedia&parent=1479"}],"curies":[{"name":"wp","href":"https:\/\/api.w.org\/{rel}","templated":true}]}}