{"id":1508,"date":"2022-03-31T16:18:05","date_gmt":"2022-03-31T14:18:05","guid":{"rendered":"https:\/\/as-alai.ro\/?page_id=1508"},"modified":"2022-04-01T13:20:43","modified_gmt":"2022-04-01T11:20:43","slug":"invitations-a-des-evenements","status":"publish","type":"page","link":"https:\/\/as-alai.ro\/?page_id=1508&lang=fr","title":{"rendered":"Invitations \u00e0 des \u00e9v\u00e9nements"},"content":{"rendered":"\n<figure class=\"wp-block-image size-large\"><img loading=\"lazy\" decoding=\"async\" width=\"1024\" height=\"412\" src=\"https:\/\/as-alai.ro\/wp-content\/uploads\/2022\/03\/unnamed-1-1024x412.png\" alt=\"\" class=\"wp-image-1509\" srcset=\"https:\/\/as-alai.ro\/wp-content\/uploads\/2022\/03\/unnamed-1-1024x412.png 1024w, https:\/\/as-alai.ro\/wp-content\/uploads\/2022\/03\/unnamed-1-300x121.png 300w, https:\/\/as-alai.ro\/wp-content\/uploads\/2022\/03\/unnamed-1-768x309.png 768w, https:\/\/as-alai.ro\/wp-content\/uploads\/2022\/03\/unnamed-1-1536x619.png 1536w, https:\/\/as-alai.ro\/wp-content\/uploads\/2022\/03\/unnamed-1-2048x825.png 2048w\" sizes=\"auto, (max-width: 1024px) 100vw, 1024px\" \/><\/figure>\n\n\n\n<p>Ma\u00eetre,<br>Madame, Monsieur, &nbsp;<\/p>\n\n\n\n<p>C&#8217;est avec plaisir que nous vous invitons \u00e0 vous inscrire \u00e0 la prochaine conf\u00e9rence de l&#8217;ALAI Canada.<\/p>\n\n\n\n<h2 class=\"has-text-color wp-block-heading\" style=\"color:#c78537\">Que retenir du droit d&#8217;auteur europ\u00e9en ?<\/h2>\n\n\n\n<p><strong>Attention: Cette activit\u00e9 se d\u00e9roulera en <\/strong><strong class=\"red\">ANGLAIS<\/strong><\/p>\n\n\n\n<p>Formation en ligne&nbsp;sur&nbsp;Zoom&nbsp;<\/p>\n\n\n\n<p><strong>Date :&nbsp;Le mardi 5 avril&nbsp;2022&nbsp;de midi \u00e0 13 h&nbsp;(heure de Montr\u00e9al)<\/strong><\/p>\n\n\n\n<p>Valeur de 1 heure&nbsp;en formation continue<\/p>\n\n\n\n<h3 class=\"has-text-color wp-block-heading\" style=\"color:#c78537\">Co\u00fbts (taxes non incluses) :<\/h3>\n\n\n\n<ul class=\"wp-block-list\"><li>10,00 $ pour les \u00e9tudiants membres de l&#8217;ALAI<\/li><li><strong>25,00 $ pour les membres d&#8217;ALAI Canada et des autres groupes nationaux de l&#8217;ALAI<\/strong><\/li><li>50,00 $ pour les non-membres<\/li><\/ul>\n\n\n\n<h3 class=\"has-text-color wp-block-heading\" style=\"color:#c78537\">Description :<\/h3>\n\n\n\n<p>Parce que l&#8217;Union europ\u00e9enne r\u00e9unit 27 pays industrialis\u00e9s, ses activit\u00e9s en mati\u00e8re de droit d&#8217;auteur repr\u00e9sentent des d\u00e9veloppements importants du droit d&#8217;auteur en g\u00e9n\u00e9ral.&nbsp; Les d\u00e9cisions de la Cour europ\u00e9enne de justice, les directives qui obligent les Etats-membres \u00e0 modifier leurs lois, les documents de r\u00e9flexion sur les questions de l&#8217;heure b\u00e2tissent un environnement juridique qui est analys\u00e9 tant \u00e0 l&#8217;int\u00e9rieur qu&#8217;\u00e0 l&#8217;ext\u00e9rieur de ses fronti\u00e8res.&nbsp;Notre conf\u00e9renci\u00e8re&nbsp;invit\u00e9e, qui vient de publier le livre <em>Copyright in the Digital Single Market<\/em>, nous aidera \u00e0 naviguer \u00e0 travers les \u00e9l\u00e9ments qui sont particuli\u00e8rement susceptibles d&#8217;\u00e9clairer le d\u00e9bat canadien sur le droit d&#8217;auteur.<\/p>\n\n\n\n<h3 class=\"has-text-color wp-block-heading\" style=\"color:#c78537\"><strong>Conf\u00e9renci\u00e8re :<\/strong><\/h3>\n\n\n\n<ul class=\"wp-block-list\"><li>Mme la prof. Eleonora Rosati, Universit\u00e9 de Stockholm, IPKat<\/li><\/ul>\n\n\n\n<div class=\"wp-block-buttons is-layout-flex wp-block-buttons-is-layout-flex\">\n<div class=\"wp-block-button aligncenter is-style-outline is-style-outline--1\"><a class=\"wp-block-button__link has-pale-cyan-blue-color has-text-color\" href=\"https:\/\/www.alai.ca\/fr\/activites-locales\/detail\/que-retenir-du-droit-dauteur-europeen-anglaisenglish\/30087\" target=\"_blank\" rel=\"noreferrer noopener\">Inscrivez-vous!<\/a><\/div>\n<\/div>\n","protected":false},"excerpt":{"rendered":"<p>Ma\u00eetre,Madame, Monsieur, &nbsp; C&#8217;est avec plaisir que nous vous invitons \u00e0 vous inscrire \u00e0 la prochaine conf\u00e9rence de l&#8217;ALAI Canada. Que retenir du droit d&#8217;auteur europ\u00e9en ? Attention: Cette activit\u00e9 se d\u00e9roulera en ANGLAIS Formation en ligne&nbsp;sur&nbsp;Zoom&nbsp; Date :&nbsp;Le mardi 5 avril&nbsp;2022&nbsp;de midi \u00e0 13 h&nbsp;(heure de Montr\u00e9al) Valeur de 1 heure&nbsp;en formation continue Co\u00fbts [&hellip;]<\/p>\n","protected":false},"author":2,"featured_media":0,"parent":0,"menu_order":0,"comment_status":"closed","ping_status":"closed","template":"","meta":{"footnotes":""},"class_list":["post-1508","page","type-page","status-publish","hentry"],"acf":[],"_links":{"self":[{"href":"https:\/\/as-alai.ro\/index.php?rest_route=\/wp\/v2\/pages\/1508","targetHints":{"allow":["GET"]}}],"collection":[{"href":"https:\/\/as-alai.ro\/index.php?rest_route=\/wp\/v2\/pages"}],"about":[{"href":"https:\/\/as-alai.ro\/index.php?rest_route=\/wp\/v2\/types\/page"}],"author":[{"embeddable":true,"href":"https:\/\/as-alai.ro\/index.php?rest_route=\/wp\/v2\/users\/2"}],"replies":[{"embeddable":true,"href":"https:\/\/as-alai.ro\/index.php?rest_route=%2Fwp%2Fv2%2Fcomments&post=1508"}],"version-history":[{"count":12,"href":"https:\/\/as-alai.ro\/index.php?rest_route=\/wp\/v2\/pages\/1508\/revisions"}],"predecessor-version":[{"id":1565,"href":"https:\/\/as-alai.ro\/index.php?rest_route=\/wp\/v2\/pages\/1508\/revisions\/1565"}],"wp:attachment":[{"href":"https:\/\/as-alai.ro\/index.php?rest_route=%2Fwp%2Fv2%2Fmedia&parent=1508"}],"curies":[{"name":"wp","href":"https:\/\/api.w.org\/{rel}","templated":true}]}}