{"id":264,"date":"2022-01-15T10:08:54","date_gmt":"2022-01-15T10:08:54","guid":{"rendered":"http:\/\/as-alai.ro\/?page_id=264"},"modified":"2022-01-17T20:37:50","modified_gmt":"2022-01-17T20:37:50","slug":"qui-peut-devenir-membre","status":"publish","type":"page","link":"https:\/\/as-alai.ro\/?page_id=264&lang=fr","title":{"rendered":"Qui peut devenir membre"},"content":{"rendered":"\n<h1 class=\"has-text-align-center wp-block-heading\"><strong>COMMENT DEVENIR MEMBRE ASSOCI\u00c9<br>DE L\u2019ASSOCIATION ALAI ROUMANIE<\/strong><\/h1>\n\n\n\n<p class=\"indent\">Conform\u00e9ment \u00e0 l\u2019art. 11) lett. c) des Statuts de l\u2019ALAI, Les membres associ\u00e9s sont les personnes physiques de citoyennet\u00e9 roumaine, sans aucune discrimination en termes de statut, sexe, race, langue ou religion, admises par la loi et qui d\u00e9roulent de diverses activit\u00e9s dans le domaine du droit d\u2019auteur et des droits connexes ou bien des personne morales l\u00e9galement constitu\u00e9es ayant leur si\u00e8ge en Roumanie, telles que associations, fondations, soci\u00e9t\u00e9s commerciales ou organismes dont l\u2019activit\u00e9 s\u2019int\u00e9resse au domaine et qui pr\u00e9sentent une demande par \u00e9crit exprimant leur intention d\u2019obtenir cette qualit\u00e9.<\/p>\n\n\n\n<p class=\"indent\">Les personnes morales qui expriment leur int\u00e9r\u00eat pour obtenir la qualit\u00e9 de membre associ\u00e9 de l\u2019association doivent d\u00e9signer une personne physique en tant que leur repr\u00e9sentant. <\/p>\n\n\n\n<p class=\"indent\">Pour s\u2019inscrire dans l\u2019association en tant que membre associ\u00e9, la partie en cause doit pr\u00e9senter une demande \u00e9crite (ADHESION) adress\u00e9 au pr\u00e9sident du Conseil de direction \u00e0 l\u2019adresse office@as-alai.ro, avec la mention de la prise \u00e0 connaissance des statuts. La demande sera discut\u00e9e \u00e0 l\u2019occasion de la premi\u00e8re r\u00e9union du Conseil directeur qui approuvera ou rejettera la demande du requ\u00e9rant en tant que membre associ\u00e9. La personne dont la demande d\u2019adh\u00e9sion a \u00e9t\u00e9 approuv\u00e9e doit payer des droits d\u2019inscription d\u2019un montant de 200 lei.<\/p>\n\n\n\n<p class=\"indent\">Les membres associ\u00e9s doivent payer une cotisation annuelle de 100 euros (la valeur \u00e9quivalente en lei, \u00e0 la date du paiement) pour les personnes physiques et de 300 euros (la valeur \u00e9quivalente en lei, \u00e0 la date du paiement) pour les personnes morales roumaines.<\/p>\n\n\n\n<p class=\"indent\">La cotisation annuelle sera pay\u00e9e avant le 15e mars de l\u2019ann\u00e9e courante, pour pouvoir r\u00e9jouir des autres droits octroy\u00e9s aux membres de l\u2019association en vertu des statuts.<\/p>\n\n\n\n<p class=\"indent\">Conform\u00e9ment aux dispositions de l\u2019art.13 des Statuts de l\u2019ALAI ROUMANIE, la qualit\u00e9 de membre se perd :<\/p>\n\n\n\n<ul class=\"wp-block-list\"><li>suite \u00e0 la demande \u00e9crite du membre de l\u2019association adress\u00e9e au pr\u00e9sident du Conseil de direction, \u00e0 l\u2019adresse office@as-alai.ro. La demande sera pr\u00e9sent\u00e9e \u00e0 l\u2019occasion de la premi\u00e8re r\u00e9union du Conseil de direction qui en<br>prendra acte. La d\u00e9mission entre en vigueur \u00e0 partir du jour de son registration et le requ\u00e9rant en sera inform\u00e9 par \u00e9crit ;<\/li><li>par exclusion pour faute de payer la cotisation annuelle pendant 2 ann\u00e9es cons\u00e9cutives, apr\u00e8s deux notifications par \u00e9crit. La d\u00e9cision d\u2019exclusion sera prise par le Conseil de direction, avec la majorit\u00e9 simple des votes ;<\/li><li>par exclusion dans le cas d\u2019une condamnation d\u00e9finitive \u00e0 une peine d\u2019emprisonnement, avec privation de libert\u00e9. La d\u00e9cision d\u2019exclusion sera prise par le Conseil de direction, avec la majorit\u00e9 simple des votes.<\/li><\/ul>\n\n\n\n<p class=\"indent\">Tout membre exclu qui exerce aussi une fonction dans le cadre des organismes de gestion, administration ou contr\u00f4le de l\u2019association perdra aussi destatut de droit.<\/p>\n","protected":false},"excerpt":{"rendered":"<p>COMMENT DEVENIR MEMBRE ASSOCI\u00c9DE L\u2019ASSOCIATION ALAI ROUMANIE Conform\u00e9ment \u00e0 l\u2019art. 11) lett. c) des Statuts de l\u2019ALAI, Les membres associ\u00e9s sont les personnes physiques de citoyennet\u00e9 roumaine, sans aucune discrimination en termes de statut, sexe, race, langue ou religion, admises par la loi et qui d\u00e9roulent de diverses activit\u00e9s dans le domaine du droit d\u2019auteur [&hellip;]<\/p>\n","protected":false},"author":1,"featured_media":0,"parent":0,"menu_order":0,"comment_status":"closed","ping_status":"closed","template":"","meta":{"footnotes":""},"class_list":["post-264","page","type-page","status-publish","hentry"],"acf":[],"_links":{"self":[{"href":"https:\/\/as-alai.ro\/index.php?rest_route=\/wp\/v2\/pages\/264","targetHints":{"allow":["GET"]}}],"collection":[{"href":"https:\/\/as-alai.ro\/index.php?rest_route=\/wp\/v2\/pages"}],"about":[{"href":"https:\/\/as-alai.ro\/index.php?rest_route=\/wp\/v2\/types\/page"}],"author":[{"embeddable":true,"href":"https:\/\/as-alai.ro\/index.php?rest_route=\/wp\/v2\/users\/1"}],"replies":[{"embeddable":true,"href":"https:\/\/as-alai.ro\/index.php?rest_route=%2Fwp%2Fv2%2Fcomments&post=264"}],"version-history":[{"count":15,"href":"https:\/\/as-alai.ro\/index.php?rest_route=\/wp\/v2\/pages\/264\/revisions"}],"predecessor-version":[{"id":914,"href":"https:\/\/as-alai.ro\/index.php?rest_route=\/wp\/v2\/pages\/264\/revisions\/914"}],"wp:attachment":[{"href":"https:\/\/as-alai.ro\/index.php?rest_route=%2Fwp%2Fv2%2Fmedia&parent=264"}],"curies":[{"name":"wp","href":"https:\/\/api.w.org\/{rel}","templated":true}]}}