{"id":268,"date":"2022-01-15T10:10:24","date_gmt":"2022-01-15T10:10:24","guid":{"rendered":"http:\/\/as-alai.ro\/?page_id=268"},"modified":"2022-03-16T17:43:00","modified_gmt":"2022-03-16T15:43:00","slug":"adhesion-2","status":"publish","type":"page","link":"https:\/\/as-alai.ro\/?page_id=268&lang=fr","title":{"rendered":"Adhesion"},"content":{"rendered":"\n<div class=\"wp-block-file\"><a href=\"https:\/\/as-alai.ro\/wp-content\/uploads\/2022\/03\/Adhesion-FR.docx\" class=\"wp-block-file__button\" download aria-describedby=\"wp-block-file--media-142c42f7-7d9e-4a65-a34b-bc20cc4bef10\">Descarc\u0103<\/a><\/div>\n\n\n\n<p>L\u2019Association ALAI Roumanie<br>N o \u2026\u2026\u2026.. du\u2026\u2026\u2026\u2026\u2026\u2026\u2026\u2026.<\/p>\n\n\n\n<p><\/p>\n\n\n\n<p class=\"has-text-align-center\">ADHESION<\/p>\n\n\n\n<p><\/p>\n\n\n\n<p>Je soussign\u00e9\u2026\u2026\u2026\u2026\u2026\u2026\u2026\u2026\u2026\u2026\u2026\u2026\u2026\u2026\u2026\u2026\u2026\u2026\u2026\u2026\u2026, domicili\u00e9(e) \u00e0 \u2026\u2026\u2026\u2026\u2026\u2026\u2026\u2026\u2026\u2026\u2026\u2026\u2026. rue\u2026\u2026\u2026\u2026\u2026\u2026\u2026.\u2026\u2026\u2026\u2026\u2026\u2026\u2026\u2026n o \u2026\u2026\u2026., b\u00e2timent\u2026\u2026\u2026.., escalier\u2026\u2026\u2026.appart. \u2026\u2026\u2026\u2026\u2026\u2026\u2026., d\u00e9partement\/secteur\u2026\u2026\u2026\u2026\u2026\u2026\u2026\u2026\u2026\u2026\u2026\u2026., portable\u2026\u2026\u2026\u2026\u2026\u2026\u2026\u2026\u2026\u2026,e-mail\u2026\u2026\u2026\u2026\u2026\u2026\u2026\u2026\u2026\u2026\u2026\u2026\u2026\u2026\u2026\u2026\u2026.,<br>profession\u2026\u2026\u2026\u2026\u2026\u2026\u2026\u2026\u2026\u2026\u2026\u2026.., travaillant chez\u2026\u2026\u2026\u2026\u2026\u2026\u2026\u2026\u2026\u2026\u2026\u2026\u2026\u2026\u2026\u2026\u2026\u2026\u2026\u2026\u2026\u2026\u2026\u2026\u2026\u2026\u2026\u2026\u2026\u2026\u2026, d\u00e9sire devenir membre de l\u2019Association ALAI Roumanie, tout en connaissant et acceptant les Statuts de l\u2019Association.<br>Veuillez retrouver en pi\u00e8ces jointes mon CV et la Liste des ouvrages pertinents.<br>Je donne mon accord pour l\u2019utilisation et le traitement de mes donn\u00e9es personnelles par l\u2019Association ALAI Roumanie, pour l\u2019ach\u00e8vement des obligations statutaires, conform\u00e9ment aux dispositions l\u00e9gales.<\/p>\n\n\n\n<p><br>Date\u2026\u2026\u2026\u2026\u2026\u2026\u2026\u2026\u2026\u2026\u2026\u2026\u2026\u2026.<br><\/p>\n\n\n\n<p class=\"has-text-align-right\">Signature<\/p>\n\n\n\n<p><\/p>\n\n\n\n<p><\/p>\n","protected":false},"excerpt":{"rendered":"<p>L\u2019Association ALAI RoumanieN o \u2026\u2026\u2026.. du\u2026\u2026\u2026\u2026\u2026\u2026\u2026\u2026. ADHESION Je soussign\u00e9\u2026\u2026\u2026\u2026\u2026\u2026\u2026\u2026\u2026\u2026\u2026\u2026\u2026\u2026\u2026\u2026\u2026\u2026\u2026\u2026\u2026, domicili\u00e9(e) \u00e0 \u2026\u2026\u2026\u2026\u2026\u2026\u2026\u2026\u2026\u2026\u2026\u2026\u2026. rue\u2026\u2026\u2026\u2026\u2026\u2026\u2026.\u2026\u2026\u2026\u2026\u2026\u2026\u2026\u2026n o \u2026\u2026\u2026., b\u00e2timent\u2026\u2026\u2026.., escalier\u2026\u2026\u2026.appart. \u2026\u2026\u2026\u2026\u2026\u2026\u2026., d\u00e9partement\/secteur\u2026\u2026\u2026\u2026\u2026\u2026\u2026\u2026\u2026\u2026\u2026\u2026., portable\u2026\u2026\u2026\u2026\u2026\u2026\u2026\u2026\u2026\u2026,e-mail\u2026\u2026\u2026\u2026\u2026\u2026\u2026\u2026\u2026\u2026\u2026\u2026\u2026\u2026\u2026\u2026\u2026.,profession\u2026\u2026\u2026\u2026\u2026\u2026\u2026\u2026\u2026\u2026\u2026\u2026.., travaillant chez\u2026\u2026\u2026\u2026\u2026\u2026\u2026\u2026\u2026\u2026\u2026\u2026\u2026\u2026\u2026\u2026\u2026\u2026\u2026\u2026\u2026\u2026\u2026\u2026\u2026\u2026\u2026\u2026\u2026\u2026\u2026, d\u00e9sire devenir membre de l\u2019Association ALAI Roumanie, tout en connaissant et acceptant les Statuts de l\u2019Association.Veuillez retrouver en pi\u00e8ces jointes mon CV et la Liste des ouvrages pertinents.Je donne mon accord pour l\u2019utilisation [&hellip;]<\/p>\n","protected":false},"author":1,"featured_media":0,"parent":0,"menu_order":0,"comment_status":"closed","ping_status":"closed","template":"","meta":{"footnotes":""},"class_list":["post-268","page","type-page","status-publish","hentry"],"acf":[],"_links":{"self":[{"href":"https:\/\/as-alai.ro\/index.php?rest_route=\/wp\/v2\/pages\/268","targetHints":{"allow":["GET"]}}],"collection":[{"href":"https:\/\/as-alai.ro\/index.php?rest_route=\/wp\/v2\/pages"}],"about":[{"href":"https:\/\/as-alai.ro\/index.php?rest_route=\/wp\/v2\/types\/page"}],"author":[{"embeddable":true,"href":"https:\/\/as-alai.ro\/index.php?rest_route=\/wp\/v2\/users\/1"}],"replies":[{"embeddable":true,"href":"https:\/\/as-alai.ro\/index.php?rest_route=%2Fwp%2Fv2%2Fcomments&post=268"}],"version-history":[{"count":3,"href":"https:\/\/as-alai.ro\/index.php?rest_route=\/wp\/v2\/pages\/268\/revisions"}],"predecessor-version":[{"id":1305,"href":"https:\/\/as-alai.ro\/index.php?rest_route=\/wp\/v2\/pages\/268\/revisions\/1305"}],"wp:attachment":[{"href":"https:\/\/as-alai.ro\/index.php?rest_route=%2Fwp%2Fv2%2Fmedia&parent=268"}],"curies":[{"name":"wp","href":"https:\/\/api.w.org\/{rel}","templated":true}]}}