{"id":33,"date":"2021-11-24T11:37:26","date_gmt":"2021-11-24T11:37:26","guid":{"rendered":"https:\/\/alai.blod.arialsoft.ro\/acasa-francais\/"},"modified":"2022-04-25T10:49:49","modified_gmt":"2022-04-25T08:49:49","slug":"accueil","status":"publish","type":"page","link":"https:\/\/as-alai.ro\/?page_id=33&lang=fr","title":{"rendered":"Accueill"},"content":{"rendered":"\n<figure class=\"wp-block-image size-full\"><img loading=\"lazy\" decoding=\"async\" width=\"780\" height=\"381\" src=\"https:\/\/as-alai.ro\/wp-content\/uploads\/2022\/01\/IMG-20220117-WA0001-2.jpg\" alt=\"\" class=\"wp-image-788\" srcset=\"https:\/\/as-alai.ro\/wp-content\/uploads\/2022\/01\/IMG-20220117-WA0001-2.jpg 780w, https:\/\/as-alai.ro\/wp-content\/uploads\/2022\/01\/IMG-20220117-WA0001-2-300x147.jpg 300w, https:\/\/as-alai.ro\/wp-content\/uploads\/2022\/01\/IMG-20220117-WA0001-2-768x375.jpg 768w\" sizes=\"auto, (max-width: 780px) 100vw, 780px\" \/><\/figure>\n\n\n\n<div class=\"pulse-container\">\n  <div class=\"pulse-box\">\n    <div class=\"pulse-css\"><\/div>\n  <\/div>\n<\/div>\n\n\n\n<p class=\"indent\">L&#8217;Association Litt\u00e9raire et Artistique Internationale Roumaine a \u00e9t\u00e9 cr\u00e9\u00e9e \u00e0 l&#8217;initiative d&#8217;enseignants et de chercheurs dans le domaine des droits intellectuels des universit\u00e9s de Bucarest, Constan\u021ba, Craiova, Cluj-Napoca, Ia\u0219i, Sibiu, T\u00e2rgu Mure\u0219, Timi\u0219oara et T\u00e2rgovi\u0219te, conform\u00e9ment \u00e0 l\u2019Acte Constitutif et au Statut et a \u00e9t\u00e9 enregistr\u00e9e, sous le nom, ASOCIA\u021aIA ALAI ROMANIA, dans le Registre des associations et des fondations Partie A, Section I, conserv\u00e9 au greffe du Tribunal du Secteur 3 de Bucarest, en vertu de la Conclusion n\u00b0 446 du 24.11.2021, d\u00e9finitive par non-appel, le 14.12.2021.<\/p>\n\n\n\n<p class=\"indent\">L&#8217;ALAI Romania est membre de l&#8217;Association Litt\u00e9raire et Artistique Internationale (ALAI Int.) conform\u00e9ment aux dispositions de l&#8217;article 6, paragraphe (2) de son statut qui stipule que <strong>\u00ab toutes les personnes physiques ou morales membres d&#8217;une association nationale ayant un objet d&#8217;activit\u00e9 similaire et qui a \u00e9t\u00e9 agr\u00e9\u00e9 par le Comit\u00e9 Ex\u00e9cutif, d\u00e9nomm\u00e9e Groupe (nationalit\u00e9) ALAI sont membres de l&#8217;ALAI Int.\u00bb<\/strong>.<\/p>\n\n\n\n<p class=\"indent\">Par cons\u00e9quent, les membres de Asocia\u021bia ALAI Romania sont membres de l&#8217;ALAI Int., ayant tous les droits et obligations d\u00e9coulant de leurs statuts.<\/p>\n\n\n\n<p class=\"indent\">Le si\u00e8ge de Asocia\u021bia ALAI Roumanie est \u00e0 Bucarest, \u00e0 S.C.A. \u00ab Ro\u0219 \u0219i Asocia\u021bii \u00bb (voir rubrique Contact). <\/p>\n\n\n\n<p class=\"indent\"><strong>Pourquoi ALAI Roumanie<\/strong><\/p>\n\n\n\n<p class=\"indent\">La plus indiscutable, la plus personnelle (au sens de prolongement de l&#8217;auteur dans son \u0153uvre et du lien de l&#8217;auteur avec son \u0153uvre), la plus sacr\u00e9e et la plus l\u00e9gitime de toutes les propri\u00e9t\u00e9s est celle des \u00ab fruits \u00bb de la pens\u00e9e, de ce que les gens eux-m\u00eames cr\u00e9ent \u00e0 partir de rien en ajoutant \u00e0 ce qui existe dans le monde environnant, c&#8217;est la propri\u00e9t\u00e9 des produits de l&#8217;activit\u00e9 intellectuelle, des biens intellectuels prot\u00e9g\u00e9s par le droit d&#8217;auteur et\/ou les droits voisins. Une propri\u00e9t\u00e9 qui a trouv\u00e9 difficilement sa place parmi les prot\u00e9g\u00e9es, une propri\u00e9t\u00e9 d&#8217;un genre particulier (m\u00eame les conservateurs civils les plus purs l&#8217;admettent), une propri\u00e9t\u00e9 pour laquelle il n&#8217;y a pas d&#8217;autre mode d&#8217;acquisition que le fait de la cr\u00e9ation et pour laquelle le r\u00f4le acquisitif de la possession est exclu et l&#8217;occupation \u00e9ventuelle de l&#8217;\u0153uvre d&#8217;autrui, que son auteur soit connu ou non et m\u00eame lorsque l&#8217;\u0153uvre a \u00e9t\u00e9 abandonn\u00e9 ou serait tomb\u00e9 dans le domaine public, ne vaut que contrefa\u00e7on, plagiat, piratage.<\/p>\n\n\n\n<p class=\"indent\">La protection l\u00e9gale de la propri\u00e9t\u00e9 intellectuelle, les vertus et qualit\u00e9s que nous y attribuons et\/ou  reconnaissons, ne signifient pas qu&#8217;elle n&#8217;est pas encore une inconnue pour certains (beaucoup), ignor\u00e9e par d&#8217;autres (beaucoup d&#8217;entre eux, certains d&#8217;entre eux m\u00eame cr\u00e9ateurs), qu&#8217;elle n&#8217;a pas d&#8217;adversaires (ils ne sont pas rares ceux \u00e0 r\u00e9clamer avec plus ou moins de v\u00e9h\u00e9mence son abrogation ou son remplacement par un simple droit \u00e0 r\u00e9mun\u00e9ration) ni qu&#8217;elle est respect\u00e9e, car la vie prouve que la propri\u00e9t\u00e9<\/p>\n\n\n\n<p class=\"indent\">intellectuelle attire \u00e0 la fois, \u00e0 des fins indignes, \u00e9duqu\u00e9s et non \u00e9duqu\u00e9s, bien inform\u00e9s et ignorants, de sorte qu\u2019elle est la plus viol\u00e9e, la plus usurp\u00e9e, la plus utilis\u00e9e par des tiers sans droit afin d&#8217;obtenir des m\u00e9rites imm\u00e9rit\u00e9s et \/ ou des gains importants avec des risques minimes.<\/p>\n\n\n\n<p class=\"indent\">Etant immat\u00e9rielles et pouvant circuler \u00e0 la vitesse de la pens\u00e9e\/lumi\u00e8re, les cr\u00e9ations intellectuelles sont indiff\u00e9rentes aux fronti\u00e8res territoriales et entre lesquelles elles sont prot\u00e9g\u00e9es par les lois nationales, sont omnipr\u00e9sentes au plus haut degr\u00e9 car elles sont accessibles \u00e0 toute personne disposant des moyens techniques ad\u00e9quats et (presque) o\u00f9 qu&#8217;elles se trouvent, elles sont facilement reproductibles en quantit\u00e9s illimit\u00e9es et d&#8217;une mani\u00e8re qui fait qu&#8217;il n&#8217;y a pratiquement pas de diff\u00e9rences entre les produits pirat\u00e9s et originaux ou qu&#8217;ils sont difficilement d\u00e9tectables. Et les technologies modernes de reproduction, de stockage et de communication rendent impossible (ou du moins difficile) le contr\u00f4le de l&#8217;utilisation effective des \u0153uvres.<\/p>\n\n\n\n<p class=\"indent\">Les qualit\u00e9s que poss\u00e8dent les objets de propri\u00e9t\u00e9 intellectuelle et qui sont \u00e9galement des d\u00e9fauts parce qu&#8217;elles les rendent extr\u00eamement vuln\u00e9rables, l&#8217;attrait exerc\u00e9 pour une utilisation non autoris\u00e9e et les technologies modernes de fixation, de reproduction, de stockage et de communication rendent les &#8222;objets&#8221; de propri\u00e9t\u00e9 intellectuelle difficiles \u00e0 prot\u00e9ger par les moyens techniques et juridiques dont nous disposons, la seule protection efficace \u00e9tant celle du respect des droits des cr\u00e9ateurs sur leurs \u0153uvres. Et cela signifie \u00e9ducation, connaissance, adaptation des lois aux nouvelles technologies, adaptation \u00e0 la cr\u00e9ation et \u00e0 l&#8217;utilisation des cr\u00e9ations des autres \u00e0 l&#8217;aide des nouvelles technologies, et (surtout) respect des droits de ceux qui ont travaill\u00e9 \u00e0 les cr\u00e9er.<\/p>\n\n\n\n<p class=\"indent\">L&#8217;\u00e9ducation est n\u00e9cessaire et nous n&#8217;avons pas encore r\u00e9alis\u00e9 que notre \u00e9ducation, avant tout, commence par l&#8217;imitation et que nous continuons \u00e0 imiter m\u00eame lorsque nous pr\u00e9tendons \u00eatre des cr\u00e9ateurs. Nous avons besoin de connaissances et notre appartenance \u00e0 l&#8217;ALAI nous donne la chance d&#8217;approfondir nos connaissances, nous donne l&#8217;opportunit\u00e9 de nous affirmer dans le monde des droits intellectuels, nous donne l&#8217;opportunit\u00e9 de contacter et d&#8217;\u00e9changer avec des sp\u00e9cialistes du monde entier. De plus en plus de sp\u00e9cialistes bien form\u00e9s sont n\u00e9cessaires car le 21\u00e8me si\u00e8cle est (d\u00e9j\u00e0) le domaine de la propri\u00e9t\u00e9 intellectuelle. Il faut apprendre \u00e0 tous nos semblables, cr\u00e9ateurs comme utilisateurs (car il n&#8217;y a pas aujourd&#8217;hui de gens \u00e0 qui les cr\u00e9ations intellectuelles sont \u00e9trang\u00e8res), les \u00e9duquer, les sensibiliser \u00e0 la valeur de la cr\u00e9ation intellectuelle et de ses r\u00e9sultats, et \u00e0 la n\u00e9cessit\u00e9 pour le respect des droits n\u00e9s de la cr\u00e9ation.<\/p>\n\n\n\n<p class=\"indent\">Rechercher, conna\u00eetre, savoir, identifier les carences dans les lois et leurs violations, proposer la correction des lois et leur adaptation aux besoins de notre temps (marqu\u00e9 couramment par les nouvelles technologies de cr\u00e9ation, stockage, reproduction et communication, aussi bien que par l\u2019intelligence artificielle, le miracle qui nous enchante et nous effraye au m\u00eame temps), r\u00e9pandre la connaissance, se faire conna\u00eetre ! C\u2019est ce que nous d\u00e9sirons, c\u2019est ce que nous avons l\u2019intention de faire !<\/p>\n\n\n\n<p class=\"indent\">L\u2019\u00e9tude des lois et de la jurisprudence nationale et internationale, \u00e9tudes de droit compar\u00e9, conf\u00e9rences nationales et internationales, des d\u00e9bats sur des questions peu claires ou controvers\u00e9es pour les clarifier, des ouvrages \u00e9crits et publi\u00e9s, des opinions scientifiques \u00e0 la demande des parties int\u00e9ress\u00e9es, la collaboration avec les organismes charg\u00e9s avec la l\u00e9gif\u00e9ration et \/ ou la protection des droits, avec des organismes internationaux, avec des universit\u00e9s et entit\u00e9s menant des activit\u00e9s de recherche, l\u2019\u00e9ducation pour la connaissance et le respect des droits, \u00e9ducation anti plagiat, mais aussi \u00e9ducation anti plagiomanie, r\u00e9compenser les m\u00e9ritants, tels sont nos principaux objectifs dans le domaine de la recherche des droits intellectuels. <\/p>\n\n\n\n<p class=\"indent\">Si vous d\u00e9sirez, vous pouvez toujours \u00e9crire et publier vos mat\u00e9riaux dans la Revue Roumaine du Droit de la Propri\u00e9t\u00e9 Intellectuelle, index\u00e9e dans des bases de donn\u00e9es internationales des plus importantes et qui, par la contribution des membres de l\u2019ALAI deviendra, sans doute, plus valeureuse du point de vue du contenu et plus appr\u00e9ci\u00e9e par ses lecteurs.<\/p>\n","protected":false},"excerpt":{"rendered":"<p>L&#8217;Association Litt\u00e9raire et Artistique Internationale Roumaine a \u00e9t\u00e9 cr\u00e9\u00e9e \u00e0 l&#8217;initiative d&#8217;enseignants et de chercheurs dans le domaine des droits intellectuels des universit\u00e9s de Bucarest, Constan\u021ba, Craiova, Cluj-Napoca, Ia\u0219i, Sibiu, T\u00e2rgu Mure\u0219, Timi\u0219oara et T\u00e2rgovi\u0219te, conform\u00e9ment \u00e0 l\u2019Acte Constitutif et au Statut et a \u00e9t\u00e9 enregistr\u00e9e, sous le nom, ASOCIA\u021aIA ALAI ROMANIA, dans le Registre [&hellip;]<\/p>\n","protected":false},"author":1,"featured_media":0,"parent":0,"menu_order":0,"comment_status":"closed","ping_status":"closed","template":"","meta":{"footnotes":""},"class_list":["post-33","page","type-page","status-publish","hentry"],"acf":[],"_links":{"self":[{"href":"https:\/\/as-alai.ro\/index.php?rest_route=\/wp\/v2\/pages\/33","targetHints":{"allow":["GET"]}}],"collection":[{"href":"https:\/\/as-alai.ro\/index.php?rest_route=\/wp\/v2\/pages"}],"about":[{"href":"https:\/\/as-alai.ro\/index.php?rest_route=\/wp\/v2\/types\/page"}],"author":[{"embeddable":true,"href":"https:\/\/as-alai.ro\/index.php?rest_route=\/wp\/v2\/users\/1"}],"replies":[{"embeddable":true,"href":"https:\/\/as-alai.ro\/index.php?rest_route=%2Fwp%2Fv2%2Fcomments&post=33"}],"version-history":[{"count":29,"href":"https:\/\/as-alai.ro\/index.php?rest_route=\/wp\/v2\/pages\/33\/revisions"}],"predecessor-version":[{"id":1603,"href":"https:\/\/as-alai.ro\/index.php?rest_route=\/wp\/v2\/pages\/33\/revisions\/1603"}],"wp:attachment":[{"href":"https:\/\/as-alai.ro\/index.php?rest_route=%2Fwp%2Fv2%2Fmedia&parent=33"}],"curies":[{"name":"wp","href":"https:\/\/api.w.org\/{rel}","templated":true}]}}