{"id":6,"date":"2021-11-24T08:26:47","date_gmt":"2021-11-24T08:26:47","guid":{"rendered":"https:\/\/alai.blod.arialsoft.ro\/?page_id=6"},"modified":"2022-04-25T10:45:11","modified_gmt":"2022-04-25T08:45:11","slug":"acasa","status":"publish","type":"page","link":"https:\/\/as-alai.ro\/","title":{"rendered":"Acas\u0103"},"content":{"rendered":"\n<figure class=\"wp-block-image size-full\"><img loading=\"lazy\" decoding=\"async\" width=\"780\" height=\"381\" src=\"https:\/\/as-alai.ro\/wp-content\/uploads\/2022\/01\/IMG-20220117-WA0001.jpg\" alt=\"\" class=\"wp-image-781\" srcset=\"https:\/\/as-alai.ro\/wp-content\/uploads\/2022\/01\/IMG-20220117-WA0001.jpg 780w, https:\/\/as-alai.ro\/wp-content\/uploads\/2022\/01\/IMG-20220117-WA0001-300x147.jpg 300w, https:\/\/as-alai.ro\/wp-content\/uploads\/2022\/01\/IMG-20220117-WA0001-768x375.jpg 768w\" sizes=\"auto, (max-width: 780px) 100vw, 780px\" \/><\/figure>\n\n\n\n<h1 class=\"has-text-align-center wp-block-heading\"><\/h1>\n\n\n\n<div class=\"pulse-container\">\n  <div class=\"pulse-box\">\n    <div class=\"pulse-css\"><\/div>\n  <\/div>\n<\/div>\n\n\n\n<p class=\"indent\">Asocia\u021bia Literar\u0103 \u0219i Artistic\u0103 Interna\u021bional\u0103 din Rom\u00e2nia s-a constituit din ini\u021biativa unor cadre didactice \u0219i cercet\u0103tori \u00een domeniul drepturilor intelectuale din cadrul unor universit\u0103\u021bi din Bucure\u0219ti, Constan\u021ba, Craiova, Cluj-Napoca, Ia\u0219i, Sibiu, T\u00e2rgu Mure\u0219, Timi\u0219oara \u0219i T\u00e2rgovi\u0219te, conform Actului Constitutiv \u0219i al Statutului \u0219i a fost \u00eenscris\u0103, sub denumirea, ASOCIA\u021aIA ALAI ROM\u00c2NIA, \u00een Registrul asocia\u021biilor \u0219i funda\u021biilor, Partea A, Sec\u021biunea I, \u021binut la grefa Judec\u0103toriei Sectorului 3 Bucure\u0219ti, \u00een baza \u00cencheierii nr. 446 din 24.11.2021, definitiv\u0103 prin neapelare, la data de 14.12.2021.<\/p>\n\n\n\n<p class=\"indent\">Asocia\u021bia ALAI Rom\u00e2nia este membr\u0103 a Asocia\u021biei Literare \u0219i Artistice Interna\u021bionale (ALAI Int.) \u00een conformitate cu art. 6 din Statutul acesteia care prevede c\u0103 \u201esunt membri asocia\u021bi persoanele fizice sau juridice care fac parte dintr-o asocia\u021bie na\u021bional\u0103 cu un obiect de activitate conform cu cel al ALAI, care a fost aprobat de Comitetul Executiv pentru a fi denumit apoi Grupul (na\u021bionalitatea) ALAI\u201d (\u2026) care pl\u0103tesc ALAI prin intermediul asocia\u021biei na\u021bionale men\u021bionate o tax\u0103 care este stabilit\u0103 de Comitetul Executiv (\u2026). <\/p>\n\n\n\n<p class=\"indent\">Sediul Asocia\u021biei ALAI Rom\u00e2nia este \u00een Bucure\u0219ti, la S.C.A. \u201eRo\u0219 \u0219i Asocia\u021bii\u201d (vezi Sec\u021biunea contact).<br><\/p>\n\n\n\n<p class=\"indent\"><strong>De ce ALAI?<\/strong><\/p>\n\n\n\n<p class=\"indent\">Cea mai incontestabil\u0103, mai personal\u0103 (\u00een sensul de prelungire a autorului \u00een opera sa \u0219i a leg\u0103turii autorului cu opera sa), mai sacr\u0103 \u0219i mai legitim\u0103 dintre toate propriet\u0103\u021bile este aceea asupra \u201efructelor\u201d g\u00e2ndirii, asupra a ceea ce oamenii creeaz\u0103 ei \u00een\u0219i\u0219i din nimic ad\u0103ug\u00e2nd la ceea ce exist\u0103 \u00een lumea \u00eenconjur\u0103toare, este proprietatea asupra produselor activit\u0103\u021bii de crea\u021bie intelectuale, a bunurilor intelectuale protejate prin drepturi de autor \u0219i\/sau drepturi conexe. O proprietate care \u0219i-a f\u0103cut greu loc \u00eentre cele protejate, o proprietate de un fel deosebit (chiar \u0219i cei mai conservatori civili\u0219ti puri admit aceasta), o proprietate pentru care nu exist\u0103 un alt mod de dob\u00e2ndire dec\u00e2t faptul crea\u021biei \u0219i pentru care rolul achizitiv al posesiei este exclus iar ocupa\u021biunea eventual\u0103 a operei altuia, indiferent dac\u0103 autorul ei este cunoscut sau nu \u0219i chiar \u0219i atunci c\u00e2nd opera ar fi fost abandonat\u0103 ori s-ar afla \u00een domeniul public, valoreaz\u0103 doar contrafacere, plagiat, piraterie. <\/p>\n\n\n\n<p class=\"indent\">Protec\u021bia juridic\u0103 amenajat\u0103 propriet\u0103\u021bii intelectuale, virtu\u021bile \u0219i calit\u0103\u021bile pe care i le atribuim \u0219i\/sau recunoa\u0219tem, nu \u00eenseamn\u0103 c\u0103 aceasta nu este \u00eenc\u0103 o necunoscut\u0103 pentru unii (mul\u021bi), ignorat\u0103 de al\u021bii (mul\u021bi \u0219i ace\u0219tia, unii dintre ei fiind chiar creatori), c\u0103 nu are adversari (nu sunt pu\u021bini nici cei care cer mai mult sau mai pu\u021bin vehement abrogarea ei sau \u00eenlocuirea sa cu un simplu drept la remunera\u021bie) \u0219i nici c\u0103 este respectat\u0103, via\u021ba demonstr\u00e2nd c\u0103 proprietatea intelectual\u0103 atrage deopotriv\u0103, \u00een scopuri nedemne, \u0219coli\u021bi \u0219i ne\u0219coli\u021bi, cunosc\u0103tori \u0219i necunosc\u0103tori, astfel c\u0103 aceasta este cea mai \u00eenc\u0103lcat\u0103, cea mai uzurpat\u0103, cea mai folosit\u0103 de ter\u021bi f\u0103r\u0103 drept pentru a ob\u021bine merite f\u0103r\u0103 merit \u0219i\/sau c\u00e2\u0219tiguri \u00eensemnate cu riscuri minime.<\/p>\n\n\n\n<p class=\"indent\">Imateriale fiind \u0219i put\u00e2nd circula cu viteza g\u00e2ndului\/luminii, crea\u021biile intelectuale sunt indiferente la grani\u021bele teritoriale \u0219i \u00eentre care sunt protejate prin legile na\u021bionale, sunt ubicuitare \u00een cel mai \u00eenalt grad pentru c\u0103 sunt accesibile pentru oricine dispune de mijloace tehnice adecvate \u0219i (aproape) oriunde s-ar afla, sunt reproductibile cu u\u0219urin\u021b\u0103 \u00een cantit\u0103\u021bi nelimitate \u0219i de o manier\u0103 care face ca \u00eentre produsele piratate \u0219i cele originale s\u0103 nu existe practic diferen\u021be ori ca acestea s\u0103 fie greu sesizabile. Iar tehnologiile moderne de reproducere, stocare \u0219i comunicare fac imposibil (sau cel pu\u021bin greu) controlul real al utiliz\u0103rilor operelor.<\/p>\n\n\n\n<p class=\"indent\">Calit\u0103\u021bile pe care le au obiectele propriet\u0103\u021bii intelectuale \u0219i care reprezint\u0103 \u00een egal\u0103 m\u0103sur\u0103 \u0219i defecte pentru c\u0103 le fac extrem de vulnerabile, atrac\u021bia exercitat\u0103 \u00een scop de utilizare neautorizat\u0103 \u0219i tehnologiile moderne de fixare, reproducere, stocare \u0219i comunicare fac ca \u201eobiectele\u201d propriet\u0103\u021bii intelectuale s\u0103 fie greu de protejat prin mijloacele tehnice \u0219i juridice de care dispunem, singura protec\u021bie eficient\u0103 fiind aceea a respect\u0103rii drepturilor creatorilor asupra operelor lor. Iar aceasta presupune educa\u021bie, cunoa\u0219tere, adaptare a legilor la noile tehnologii, adaptarea noastr\u0103 la crearea \u0219i utilizarea crea\u021biilor altora cu ajutorul noilor tehnologii \u0219i (mai ales) respectul drepturilor celor care au depus munc\u0103 pentru a le crea.<\/p>\n\n\n\n<p class=\"indent\">Este nevoie de educa\u021bie \u0219i \u00eenc\u0103 nu am con\u0219tientizat faptul c\u0103 educa\u021bia noastr\u0103, a tuturor, \u00eencepe prin imitare \u0219i continu\u0103m s\u0103 imit\u0103m \u0219i atunci c\u00e2nd avem preten\u021bia c\u0103 am fi creatori. Este nevoie de cunoa\u0219tere \u0219i apartenen\u021ba noastr\u0103 la ALAI ne ofer\u0103 \u0219ansa sporului de cunoa\u0219tere, ne ofer\u0103 posibilitatea afirm\u0103rii \u00een lumea drepturilor intelectuale, ne ofer\u0103 ocazia contactelor \u0219i a schimburilor cu speciali\u0219ti din \u00eentreaga lume. Este nevoie de speciali\u0219ti mai mul\u021bi \u0219i bine preg\u0103ti\u021bi pentru c\u0103 secolul XXI este (deja) al propriet\u0103\u021bii intelectuale. Este nevoie de a-i \u00eenv\u0103\u021ba pe to\u021bi semenii no\u0219tri, creatori \u0219i utilizatori deopotriv\u0103 (pentru c\u0103 nu exist\u0103 azi oameni pentru care crea\u021biile intelectuale sunt str\u0103ine), de a-i educa, de a-i con\u0219tientiza de valoarea activit\u0103\u021bii de crea\u021bie intelectual\u0103 \u0219i a rezultatelor acesteia \u0219i de nevoia de respecta drepturile n\u0103scute din faptul crea\u021biei.<\/p>\n\n\n\n<p class=\"indent\">S\u0103 cercet\u0103m, s\u0103 cunoa\u0219tem, s\u0103 \u0219tim, s\u0103 identific\u0103m lipsurile legilor \u0219i \u00eenc\u0103lc\u0103rile lor, s\u0103 propunem \u00eendreptarea legilor \u0219i adaptarea lor la nevoile vremurilor \u00een care tr\u0103im (marcat\u0103 azi de noile tehnologii de creare, stocare, reproducere \u0219i de comunicare dar \u0219i de inteligen\u021ba artificial\u0103, minunea care ne \u00eenc\u00e2nt\u0103 \u0219i ne sperie \u00een acela\u0219i timp), s\u0103 r\u0103sp\u00e2ndim cunoa\u0219tere, s\u0103 ne facem cunoscu\u021bi! Este ceea ce vrem, este ceea ce ne propunem s\u0103 facem!<\/p>\n\n\n\n<p class=\"indent\">Studiul legilor \u0219i a jurispruden\u021bei na\u021bionale \u0219i interna\u021bionale, studii de drept comparat, conferin\u021be na\u021bionale \u0219i interna\u021bionale, dezbaterea chestiunilor neclare sau controversate \u00een scop de clarificare, lucr\u0103ri scrise \u0219i publicate, opinii \u0219tiin\u021bifice la cererea celor interesa\u021bi, colaborarea cu organismele \u00eens\u0103rcinate cu legiferarea \u0219i\/sau protec\u021bia drepturilor, cu organisme interna\u021bionale, cu universit\u0103\u021bii \u0219i entit\u0103\u021bi cu activitate de cercetare, educa\u021bie pentru cunoa\u0219terea \u0219i respectarea drepturilor, educa\u021bie antiplagiat dar \u0219i educa\u021bie antiplagiomanie, premierea merituo\u0219ilor, sunt principalele noastre obiective \u00een domeniul cercet\u0103rii drepturilor intelectuale. <\/p>\n\n\n\n<p class=\"indent\">Va sta la dispozi\u021bia celor care vor scrie \u0219i vor dori s\u0103 publice Revista Rom\u00e2n\u0103 de Dreptul Propriet\u0103\u021bii Intelectuale, indexat\u0103 \u00een baze de date interna\u021bionale dintre cele mai importante \u0219i care, prin contribu\u021bia membrilor ALAI va deveni, cu siguran\u021b\u0103, mai valoroas\u0103 \u00een con\u021binut \u0219i mai apreciat\u0103 de cititori.<\/p>\n","protected":false},"excerpt":{"rendered":"<p>Asocia\u021bia Literar\u0103 \u0219i Artistic\u0103 Interna\u021bional\u0103 din Rom\u00e2nia s-a constituit din ini\u021biativa unor cadre didactice \u0219i cercet\u0103tori \u00een domeniul drepturilor intelectuale din cadrul unor universit\u0103\u021bi din Bucure\u0219ti, Constan\u021ba, Craiova, Cluj-Napoca, Ia\u0219i, Sibiu, T\u00e2rgu Mure\u0219, Timi\u0219oara \u0219i T\u00e2rgovi\u0219te, conform Actului Constitutiv \u0219i al Statutului \u0219i a fost \u00eenscris\u0103, sub denumirea, ASOCIA\u021aIA ALAI ROM\u00c2NIA, \u00een Registrul asocia\u021biilor \u0219i [&hellip;]<\/p>\n","protected":false},"author":1,"featured_media":781,"parent":0,"menu_order":0,"comment_status":"closed","ping_status":"closed","template":"","meta":{"footnotes":""},"class_list":["post-6","page","type-page","status-publish","has-post-thumbnail","hentry"],"acf":[],"_links":{"self":[{"href":"https:\/\/as-alai.ro\/index.php?rest_route=\/wp\/v2\/pages\/6","targetHints":{"allow":["GET"]}}],"collection":[{"href":"https:\/\/as-alai.ro\/index.php?rest_route=\/wp\/v2\/pages"}],"about":[{"href":"https:\/\/as-alai.ro\/index.php?rest_route=\/wp\/v2\/types\/page"}],"author":[{"embeddable":true,"href":"https:\/\/as-alai.ro\/index.php?rest_route=\/wp\/v2\/users\/1"}],"replies":[{"embeddable":true,"href":"https:\/\/as-alai.ro\/index.php?rest_route=%2Fwp%2Fv2%2Fcomments&post=6"}],"version-history":[{"count":34,"href":"https:\/\/as-alai.ro\/index.php?rest_route=\/wp\/v2\/pages\/6\/revisions"}],"predecessor-version":[{"id":1599,"href":"https:\/\/as-alai.ro\/index.php?rest_route=\/wp\/v2\/pages\/6\/revisions\/1599"}],"wp:featuredmedia":[{"embeddable":true,"href":"https:\/\/as-alai.ro\/index.php?rest_route=\/wp\/v2\/media\/781"}],"wp:attachment":[{"href":"https:\/\/as-alai.ro\/index.php?rest_route=%2Fwp%2Fv2%2Fmedia&parent=6"}],"curies":[{"name":"wp","href":"https:\/\/api.w.org\/{rel}","templated":true}]}}