{"id":685,"date":"2022-01-16T19:12:58","date_gmt":"2022-01-16T19:12:58","guid":{"rendered":"http:\/\/as-alai.ro\/?page_id=685"},"modified":"2022-04-18T14:37:12","modified_gmt":"2022-04-18T12:37:12","slug":"drepturi-si-obligatii","status":"publish","type":"page","link":"https:\/\/as-alai.ro\/?page_id=685","title":{"rendered":"Drepturi \u0219i obliga\u021bii"},"content":{"rendered":"\n<h1 class=\"has-text-align-center wp-block-heading\">DREPTURILE \u0218I OBLIGA\u021aIILE MEMBRILOR ALAI ROM\u00c2NIA<\/h1>\n\n\n\n<h2 class=\"indent wp-block-heading\"><strong>Drepturi:<\/strong><\/h2>\n\n\n\n<p class=\"indent\">Potrivit art. 14 din Statutul ALAI ROM\u00c2NIA, membrii asocia\u021biei au urm\u0103toarele drepturi:<\/p>\n\n\n\n<ul class=\"wp-block-list\"><li>s\u0103 aleag\u0103 \u015fi s\u0103 fie ale\u0219i;<\/li><li>s\u0103 aib\u0103 acces la informa\u021biile privind activitatea organelor de conducere;<\/li><li>s\u0103 beneficieze de toate formele de ap\u0103rare, sprijin \u015fi ajutorare ale asocia\u021biei \u00een demersurile sale \u015ftiin\u0163ifice, precum \u015fi la medierea unor contacte cu persoane fizice \u015fi juridice din \u0163ar\u0103 \u015fi str\u0103in\u0103tate \u00een domeniu;<\/li><li>acordarea unor recompense materiale \u015fi morale pentru activitatea desf\u0103\u0219urat\u0103 \u00een asocia\u021bie;<\/li><li>s\u0103 li se acorde acces privitor la toate facilit\u0103\u021bile pe care le ofer\u0103 asocia\u021bia (mass-media, publicitate, manifest\u0103ri \u00een domeniu etc.);<\/li><li>s\u0103 renun\u021be la calitatea de membru.<\/li><\/ul>\n\n\n\n<h2 class=\"indent wp-block-heading\"><strong>Obliga\u021bii:<\/strong><\/h2>\n\n\n\n<p class=\"indent\">Conform art. 15 din Statutul ALAI ROM\u00c2NIA, membrii asocia\u021biei au urm\u0103toarele obliga\u021bii:<\/p>\n\n\n\n<ul class=\"wp-block-list\"><li>s\u0103 achite cotiza\u021bia anual\u0103 (p\u00e2n\u0103 la data de 15 martie a anului \u00een curs), care este \u00een cuantum de 100 de euro (\u00een echivalent lei, la data pl\u0103\u021bii), pentru persoane fizice \u0219i de 300 de euro (\u00een echivalent lei, la data pl\u0103\u021bii), pentru persoane juridice;<\/li><li>s\u0103 respecte dispozi\u0163iile Statutului asocia\u021biei;<\/li><li>s\u0103 participe la activitatea asocia\u021biei.<\/li><\/ul>\n","protected":false},"excerpt":{"rendered":"<p>DREPTURILE \u0218I OBLIGA\u021aIILE MEMBRILOR ALAI ROM\u00c2NIA Drepturi: Potrivit art. 14 din Statutul ALAI ROM\u00c2NIA, membrii asocia\u021biei au urm\u0103toarele drepturi: s\u0103 aleag\u0103 \u015fi s\u0103 fie ale\u0219i; s\u0103 aib\u0103 acces la informa\u021biile privind activitatea organelor de conducere; s\u0103 beneficieze de toate formele de ap\u0103rare, sprijin \u015fi ajutorare ale asocia\u021biei \u00een demersurile sale \u015ftiin\u0163ifice, precum \u015fi la medierea [&hellip;]<\/p>\n","protected":false},"author":1,"featured_media":0,"parent":0,"menu_order":0,"comment_status":"closed","ping_status":"closed","template":"","meta":{"footnotes":""},"class_list":["post-685","page","type-page","status-publish","hentry"],"acf":[],"_links":{"self":[{"href":"https:\/\/as-alai.ro\/index.php?rest_route=\/wp\/v2\/pages\/685","targetHints":{"allow":["GET"]}}],"collection":[{"href":"https:\/\/as-alai.ro\/index.php?rest_route=\/wp\/v2\/pages"}],"about":[{"href":"https:\/\/as-alai.ro\/index.php?rest_route=\/wp\/v2\/types\/page"}],"author":[{"embeddable":true,"href":"https:\/\/as-alai.ro\/index.php?rest_route=\/wp\/v2\/users\/1"}],"replies":[{"embeddable":true,"href":"https:\/\/as-alai.ro\/index.php?rest_route=%2Fwp%2Fv2%2Fcomments&post=685"}],"version-history":[{"count":8,"href":"https:\/\/as-alai.ro\/index.php?rest_route=\/wp\/v2\/pages\/685\/revisions"}],"predecessor-version":[{"id":1586,"href":"https:\/\/as-alai.ro\/index.php?rest_route=\/wp\/v2\/pages\/685\/revisions\/1586"}],"wp:attachment":[{"href":"https:\/\/as-alai.ro\/index.php?rest_route=%2Fwp%2Fv2%2Fmedia&parent=685"}],"curies":[{"name":"wp","href":"https:\/\/api.w.org\/{rel}","templated":true}]}}