{"id":76,"date":"2022-01-13T12:43:57","date_gmt":"2022-01-13T12:43:57","guid":{"rendered":"http:\/\/as-alai.ro\/?page_id=76"},"modified":"2022-04-17T11:23:33","modified_gmt":"2022-04-17T09:23:33","slug":"istoric","status":"publish","type":"page","link":"https:\/\/as-alai.ro\/?page_id=76","title":{"rendered":"Istoric"},"content":{"rendered":"\n<h2 class=\"has-text-align-center wp-block-heading\"><strong>Asocia\u021bia Literar\u0103 \u0219i Artistic\u0103 Interna\u021bional\u0103<\/strong><\/h2>\n\n\n\n<p class=\"indent\">Tiparul cu litere mobile, inven\u021bie de pe la mijlocul secolului al XV-lea atribuit\u0103 lui Johannes von Gutenberg a adus omenirii beneficii uria\u0219e pentru c\u0103 a f\u0103cut c\u0103r\u021bile accesibile pentru to\u021bi \u0219i a contribuit astfel la r\u0103sp\u00e2ndirea operelor fixate pe suport de h\u00e2rtie (care a luat locul pergamentului foarte scump \u0219i foarte rar) \u0219i a cuno\u0219tin\u021belor de orice fel.<\/p>\n\n\n\n<p class=\"indent\">Dar tiparul a deschis larg \u0219i por\u021bile furtului de carte, transform\u00e2nd noua form\u0103 de piraterie \u00eentr-o afacere de succes care \u00eei priva pe adev\u0103ra\u021bii autori \u0219i pe editori de o parte \u00eensemnat\u0103 a c\u00e2\u0219tigurilor materiale cuvenite lor. A\u0219a s-a ajuns ca \u00een secolul al XIX- lea Fran\u021ba s\u0103 fie invadat\u0103 de lucr\u0103rile unor autori de succes tip\u0103rite \u00een alte \u021b\u0103ri f\u0103r\u0103 acordul autorilor \u0219i f\u0103r\u0103 ca acestora s\u0103 li se pl\u0103teasc\u0103 remunera\u021bia, iar SUA, de lucr\u0103ri ale unor autori str\u0103ini de limb\u0103 englez\u0103 dar \u0219i traduceri de opere de succes din alte limbi, \u0219i cum fenomenul era extins \u0219i p\u0103gubitor at\u00e2t pentru scriitori, c\u00e2t \u0219i pentru editori, ace\u0219tia \u00eencep s\u0103 se organizeze spre a-\u0219i ap\u0103ra drepturile.<\/p>\n\n\n\n<p class=\"indent\">Aceasta este motivul pentru care \u00een Fran\u021ba, \u00een anul 1837, a ap\u0103rut La Soci\u00e9t\u00e9 des gens de lettres \u2013 SGDL, care a avut printre fondatori pe Louis Desnoyers \u0219i Honore de Balzac \u0219i din a c\u0103rei ini\u021biativ\u0103 a luat fiin\u021b\u0103, la data de 28 iunie 1878, Asocia\u021bia Literar\u0103 Interna\u021bional\u0103, devenit\u0103 dup\u0103 cooptarea \u0219i a arti\u0219tilor, Asocia\u021bia Literar\u0103 \u0219i Artistic\u0103 Interna\u021bional\u0103 \u2013 ALAI. O asocia\u021bie care, de\u0219i se nume\u0219te \u201eliterar\u0103 \u0219i artistic\u0103\u201d, este pur \u0219tiin\u021bific\u0103, scopul declarat al acesteia prin chiar actul de \u00eenfiin\u021bare fiind acela de a asigura respectul \u0219i protec\u021bia interna\u021bional\u0103 a drepturilor autorilor de opere.<\/p>\n\n\n\n<p class=\"indent\">Dup\u0103 al\u021bi opt ani \u0219i dup\u0103 o intens\u0103 activitate a ALAI la data de 9 septembrie 1886 a fost semnat\u0103 Conven\u021bia pentru Protec\u021bia Operelor Literare \u0219i Artistice, conven\u021bie fondatoare (\u00eempreun\u0103 cu cea a propriet\u0103\u021bii industriale \u00eencheiate la Paris \u00een anul 1883) a dreptului interna\u021bional al propriet\u0103\u021bii intelectuale, conven\u021bie a c\u0103rei \u00eencheiere \u0219i adoptare a fost primul \u0219i cel mai important obiectiv al Asocia\u021biei.<\/p>\n\n\n\n<p class=\"indent\">Primul pre\u0219edinte (de onoare) al ALAI a fost Victor Hugo (care a fost \u0219i membru al SGDL), iar \u00een primul Comitet Executiv al Asocia\u021biei au fost desemna\u021bi \u0219i doi rom\u00e2ni, Georges Djuvara \u0219i Bogdan Petriceicu Ha\u0219deu.<\/p>\n\n\n\n<p class=\"indent\">La data accept\u0103rii noastre ca membri, func\u021bia de pre\u0219edinte al ALAI este de\u021binut\u0103 de Frank Gotzen (Belgia), iar cele de vicepre\u0219edin\u021bi de Ysolde Geandreau (Canada), Jane Ginsburg (SUA), Silke von Lewinsky (Germania), Juan Jose Marin (Spania), Jan Rosen (Suedia) \u0219i Pierre Sirineli (Fran\u021ba) \u0219i cea de Secretar General, de Fabienne Brison, to\u021bi profesori de dreptul propriet\u0103\u021bii intelectuale \u0219i noi tehnologii. Dar este o datorie de onoare pentru noi s\u0103 men\u021bion\u0103m c\u0103 afilierea Grupului ALAI Rom\u00e2nia la ALAI a fost sus\u021binut\u0103 \u0219i de domnul Mihaly Ficsor, membru al Comitetului Executiv, comitet alc\u0103tuit din reprezentan\u021bi ai tuturor celor 34 de grupuri na\u021bionale. \u00cen prezent, fac parte din ALAI Int. urm\u0103toarele grupuri na\u021bionale: ALAI Africa de Sud, ALAI Argentina, ALAI Austria, ALAI Belgia, ALAI Brazilia, ALAI Canada, ALAI Chile, ALAI Cipru, ALAI Columbia, ALAI Coreea de Sud, ALAI Croa\u021bia, ALAI Danemarca, ALAI Elve\u021bia, ALAI Finlanda, ALAI Fran\u021ba, ALAI Germania, ALAI Grecia, ALAI Islanda, ALAI Israel, ALAI Italia, ALAI Japonia, ALAI Mexic, ALAI Norvegia, ALAI Paraguay, ALAI Olanda, ALAI Polonia, ALAI Portugalia, ALAI Republica Ceh\u0103, ALAI Regatul Unit, ALAI Spania, ALAI Statele Unite, ALAI Suedia, ALAI Ungaria \u0219i ALAI Uruguay. <\/p>\n\n\n\n<p class=\"indent\">ALAI are ca obiective (cele mai importante) ap\u0103rarea \u0219i promovarea regulilor care asigur\u0103 protec\u021bia interna\u021bional\u0103 a drepturilor de autor \u0219i a drepturilor conexe, efectuarea de studii privind drepturile de autor \u0219i drepturile conexe, participarea la lucr\u0103rile organiza\u021biile na\u021bionale sau interna\u021bionale care urm\u0103resc acelea\u0219i obiective, \u00eembun\u0103t\u0103\u021birea prin revizuire a conven\u021biilor interna\u021bionale existente \u0219i\/sau elaborarea de noi conven\u021bii.<\/p>\n\n\n\n<p class=\"indent\">ALAI este consultat\u0103 de institu\u021bii publice ale Uniunii Europene, de instan\u021be judec\u0103tore\u0219ti ale UE \u0219i ale diverselor state, de Organiza\u021bia Mondial\u0103 a Propriet\u0103\u021bii Intelectuale \u0219i de Organiza\u021bia Mondial\u0103 a Comer\u021bului, \u00eentre\u021bine rela\u021bii cu institu\u021bii de \u00eenv\u0103\u021b\u0103m\u00e2nt \u0219i de cercet\u0103ri juridice, \u00eentocmind la cerere sau din proprie ini\u021biativ\u0103 studii, rapoarte, proiecte de acte normative \u0219i conven\u021bii, organiz\u00e2nd anual propria sa conferin\u021b\u0103 interna\u021bional\u0103 pe teme de actualitate \u0219i interes major pentru dreptul de autor.<\/p>\n\n\n\n<p class=\"indent\">ALAI are membri de onoare (care sunt independen\u021bi \u0219i scuti\u021bi de cotiza\u021bii) \u0219i membri asocia\u021bi, ace\u0219tia din urm\u0103 put\u00e2nd fi persoane fizice (independen\u021bi) sau juridice. Acestea din urm\u0103, trebuie s\u0103 aib\u0103 minimum \u0219apte membri \u0219i s\u0103 fac\u0103 parte dintr-o asocia\u021bie na\u021bional\u0103 cu obiect de activitate conform celui al ALAI, s\u0103 fie aprobat de Comitetul Executiv (devenind \u201eGrupul (na\u021bionalitatea) ALAI\u201d) \u0219i s\u0103 pl\u0103teasc\u0103 o tax\u0103 periodic\u0103 (cotiza\u021bie) al c\u0103rei cuantum este stabilit\u0103 de Comitet. Apartenen\u021ba la un grup na\u021bional care a fost acceptat \u00een ALAI confer\u0103 automat calitatea de membru al ALAI.<\/p>\n","protected":false},"excerpt":{"rendered":"<p>Asocia\u021bia Literar\u0103 \u0219i Artistic\u0103 Interna\u021bional\u0103 Tiparul cu litere mobile, inven\u021bie de pe la mijlocul secolului al XV-lea atribuit\u0103 lui Johannes von Gutenberg a adus omenirii beneficii uria\u0219e pentru c\u0103 a f\u0103cut c\u0103r\u021bile accesibile pentru to\u021bi \u0219i a contribuit astfel la r\u0103sp\u00e2ndirea operelor fixate pe suport de h\u00e2rtie (care a luat locul pergamentului foarte scump \u0219i [&hellip;]<\/p>\n","protected":false},"author":1,"featured_media":0,"parent":0,"menu_order":0,"comment_status":"closed","ping_status":"closed","template":"","meta":{"footnotes":""},"class_list":["post-76","page","type-page","status-publish","hentry"],"acf":[],"_links":{"self":[{"href":"https:\/\/as-alai.ro\/index.php?rest_route=\/wp\/v2\/pages\/76","targetHints":{"allow":["GET"]}}],"collection":[{"href":"https:\/\/as-alai.ro\/index.php?rest_route=\/wp\/v2\/pages"}],"about":[{"href":"https:\/\/as-alai.ro\/index.php?rest_route=\/wp\/v2\/types\/page"}],"author":[{"embeddable":true,"href":"https:\/\/as-alai.ro\/index.php?rest_route=\/wp\/v2\/users\/1"}],"replies":[{"embeddable":true,"href":"https:\/\/as-alai.ro\/index.php?rest_route=%2Fwp%2Fv2%2Fcomments&post=76"}],"version-history":[{"count":10,"href":"https:\/\/as-alai.ro\/index.php?rest_route=\/wp\/v2\/pages\/76\/revisions"}],"predecessor-version":[{"id":1571,"href":"https:\/\/as-alai.ro\/index.php?rest_route=\/wp\/v2\/pages\/76\/revisions\/1571"}],"wp:attachment":[{"href":"https:\/\/as-alai.ro\/index.php?rest_route=%2Fwp%2Fv2%2Fmedia&parent=76"}],"curies":[{"name":"wp","href":"https:\/\/api.w.org\/{rel}","templated":true}]}}