{"id":99,"date":"2022-01-14T12:45:53","date_gmt":"2022-01-14T12:45:53","guid":{"rendered":"http:\/\/as-alai.ro\/?page_id=99"},"modified":"2022-04-18T19:56:55","modified_gmt":"2022-04-18T17:56:55","slug":"cercetari","status":"publish","type":"page","link":"https:\/\/as-alai.ro\/?page_id=99","title":{"rendered":"Cercet\u0103ri"},"content":{"rendered":"\n<p class=\"indent\">\u00cen conformitate cu dispozi\u0163iile art. 6 din Ordonan\u021ba Guvernului nr. 57\/2002 privind cercetarea \u0219tiin\u021bific\u0103 \u0219i dezvoltarea tehnologic\u0103, \u00een Rom\u00e2nia, sistemul na\u021bional de cercetare-dezvoltare este constituit din ansamblul unit\u0103\u021bilor \u0219i institu\u021biilor de drept public \u0219i de drept privat care au \u00een obiectul de activitate cercetarea &#8211; dezvoltarea.<\/p>\n\n\n\n<p class=\"indent\">\u00cen sistemul na\u021bional de cercetare-dezvoltare sunt cuprinse diferite categorii de unit\u0103\u021bi \u0219i institu\u021bii de drept public \u0219i de drept privat. Printre unit\u0103\u021bile \u0219i institu\u021biile de drept privat, la art. 8 lit. d) din O.G. nr. 57\/2002, sunt enumerate \u0219i \u201ealte organiza\u021bii neguvernamentale, f\u0103r\u0103 scop patrimonial, care au ca obiect de activitate \u0219i cercetarea-dezvoltarea sau structuri ale acestora legal constituite\u201d.<\/p>\n\n\n\n<p class=\"indent\">Prin urmare, av\u00e2nd \u00een vedere prevederile art. 6 alin.(1) din Statut, Asocia\u021bia ALAI Rom\u00e2nia face parte din categoria organiza\u021biilor neguvernamentale, f\u0103r\u0103 scop lucrativ \u0219i este o institu\u021bie de drept privat ce efectueaz\u0103 activit\u0103\u021bi de cercetare \u0219tiin\u021bific\u0103.<\/p>\n\n\n\n<p class=\"indent\">\u00cen vederea realiz\u0103rii obiectului de activitate \u0219i a scopului pentru care s-a \u00eenfiin\u021bat, asocia\u021bia \u00ee\u0219i concretizeaz\u0103 activitatea prin:<\/p>\n\n\n\n<ul class=\"wp-block-list\"><li>studierea legisla\u021biei na\u021bionale, a Uniunii Europene \u0219i interna\u021bionale \u00een domeniul dreptului de autor \u0219i conexe \u0219i efectuarea unor activit\u0103\u021bi de cercetare \u00een materie, \u00een vederea implement\u0103rii exacte a acesteia \u00een dreptul intern;<\/li><li>efectuarea unor studii de drept comparat privind legisla\u021bia \u0219i jurispruden\u021ba na\u021bional\u0103, a Uniunii Europene \u0219i interna\u021bionale \u0219i publicarea acestora \u00een Revista Rom\u00e2n\u0103 de Dreptul Propriet\u0103\u021bii Intelectuale sau \u00een alte publica\u021bii din str\u0103in\u0103tate;<\/li><li>prezentarea unor studii referitoare la legisla\u021bia \u0219i jurispruden\u021ba na\u021bional\u0103 \u00een materie cu prilejul unor conferin\u021be \u0219i seminarii na\u021bionale sau interna\u021bionale;<\/li><li>emiterea de opinii \u0219tiin\u021bifice la solicitarea autorit\u0103\u021bilor publice (Parlament, Guvern, instan\u021be) ori a unit\u0103\u021bilor private;<\/li><li>educa\u021bie antiplagiat \u00een Rom\u00e2nia la toate nivelurile (elevi, studen\u021bi, cadre didactice, cercet\u0103tori etc.);<\/li><li>organizarea de conferin\u021be interne \u0219i interna\u021bionale, seminarii, dezbateri, simpozioane, mese rotunde, cursuri, schimburi bilaterale, expuneri sau orice ac\u0163iuni sau activit\u0103\u0163i pentru promovarea legisla\u021biei \u00een domeniul drepturilor de autor \u0219i a drepturilor conexe \u00een vederea protej\u0103rii drepturilor autorilor \u0219i arti\u0219tilor interpre\u021bi sau executan\u021bi;<\/li><li>crearea de leg\u0103turi \u0219tiin\u021bifice \u00een domeniul dreptului de autor \u0219i drepturilor conexe \u0219i a cooper\u0103rii interna\u021bionale \u00een domeniu.<\/li><li>participarea membrilor asocia\u021biei la conferin\u021be, congrese, simpozioane, sesiuni de comunic\u0103ri \u015ftiin\u0163ifice \u00een \u0163ar\u0103 \u0219i str\u0103in\u0103tate ce au ca obiect dreptul de autor \u0219i drepturile conexe.<\/li><\/ul>\n","protected":false},"excerpt":{"rendered":"<p>\u00cen conformitate cu dispozi\u0163iile art. 6 din Ordonan\u021ba Guvernului nr. 57\/2002 privind cercetarea \u0219tiin\u021bific\u0103 \u0219i dezvoltarea tehnologic\u0103, \u00een Rom\u00e2nia, sistemul na\u021bional de cercetare-dezvoltare este constituit din ansamblul unit\u0103\u021bilor \u0219i institu\u021biilor de drept public \u0219i de drept privat care au \u00een obiectul de activitate cercetarea &#8211; dezvoltarea. \u00cen sistemul na\u021bional de cercetare-dezvoltare sunt cuprinse diferite categorii [&hellip;]<\/p>\n","protected":false},"author":1,"featured_media":0,"parent":0,"menu_order":0,"comment_status":"closed","ping_status":"closed","template":"","meta":{"footnotes":""},"class_list":["post-99","page","type-page","status-publish","hentry"],"acf":[],"_links":{"self":[{"href":"https:\/\/as-alai.ro\/index.php?rest_route=\/wp\/v2\/pages\/99","targetHints":{"allow":["GET"]}}],"collection":[{"href":"https:\/\/as-alai.ro\/index.php?rest_route=\/wp\/v2\/pages"}],"about":[{"href":"https:\/\/as-alai.ro\/index.php?rest_route=\/wp\/v2\/types\/page"}],"author":[{"embeddable":true,"href":"https:\/\/as-alai.ro\/index.php?rest_route=\/wp\/v2\/users\/1"}],"replies":[{"embeddable":true,"href":"https:\/\/as-alai.ro\/index.php?rest_route=%2Fwp%2Fv2%2Fcomments&post=99"}],"version-history":[{"count":5,"href":"https:\/\/as-alai.ro\/index.php?rest_route=\/wp\/v2\/pages\/99\/revisions"}],"predecessor-version":[{"id":1589,"href":"https:\/\/as-alai.ro\/index.php?rest_route=\/wp\/v2\/pages\/99\/revisions\/1589"}],"wp:attachment":[{"href":"https:\/\/as-alai.ro\/index.php?rest_route=%2Fwp%2Fv2%2Fmedia&parent=99"}],"curies":[{"name":"wp","href":"https:\/\/api.w.org\/{rel}","templated":true}]}}